{"id":5,"date":"2025-01-05T18:18:24","date_gmt":"2025-01-05T18:18:24","guid":{"rendered":"http:\/\/psychotherapie-guth-minden.de\/welcome-to-http-psychotherapie-guth-minden-de\/"},"modified":"2025-02-24T19:47:33","modified_gmt":"2025-02-24T19:47:33","slug":"tatjana-guth-minden-psychotherapeutin","status":"publish","type":"page","link":"http:\/\/psychotherapie-guth-minden.de\/","title":{"rendered":"Psychologische Psychotherapeutin in Minden"},"content":{"rendered":"<p><span style=\"font-family: 'book antiqua', palatino;\"><\/span><\/p>\r\n<p style=\"text-align: left;\"><span style=\"font-size: 16px;\"><span style=\"font-family: Spectral;\">Herzlich Willkommen auf meiner Website.\u00a0<br \/><\/span>Ich arbeite als Psychologische Psychotherapeutin in Minden (Westfalen).\u00a0<\/span><br \/><span style=\"font-family: Spectral; font-size: 16px;\">Ich freue mich, wenn Sie mich kontaktieren!\u00a0<\/span><\/p>\r\n<p style=\"text-align: center;\"><span style=\"font-family: 'book antiqua', palatino; font-size: 16px;\"><\/span><\/p>\r\n<p style=\"text-align: left;\"><span style=\"font-family: Spectral; font-size: 16px;\"><strong><img loading=\"lazy\" decoding=\"async\" class=\"alignnone wp-image-68 size-medium\" src=\"http:\/\/psychotherapie-guth-minden.de\/wp-content\/uploads\/2025\/01\/guth_praxis-208x300.jpg\" alt=\"\" width=\"208\" height=\"300\" srcset=\"http:\/\/psychotherapie-guth-minden.de\/wp-content\/uploads\/2025\/01\/guth_praxis-208x300.jpg 208w, http:\/\/psychotherapie-guth-minden.de\/wp-content\/uploads\/2025\/01\/guth_praxis-711x1024.jpg 711w, http:\/\/psychotherapie-guth-minden.de\/wp-content\/uploads\/2025\/01\/guth_praxis-768x1106.jpg 768w, http:\/\/psychotherapie-guth-minden.de\/wp-content\/uploads\/2025\/01\/guth_praxis-1066x1536.jpg 1066w, http:\/\/psychotherapie-guth-minden.de\/wp-content\/uploads\/2025\/01\/guth_praxis-1422x2048.jpg 1422w, http:\/\/psychotherapie-guth-minden.de\/wp-content\/uploads\/2025\/01\/guth_praxis-scaled.jpg 1777w\" sizes=\"auto, (max-width: 208px) 100vw, 208px\" \/><br \/>Tatjana Guth <\/strong><\/span><br \/><span style=\"font-family: Spectral; font-size: 16px;\">Diplom-Psychologin<\/span><br \/><span style=\"font-family: Spectral; font-size: 16px;\">Psychologische Psychotherapeutin<\/span><br \/><br \/><span style=\"font-family: Spectral; font-size: 16px;\">Kassenzulassung f\u00fcr tiefenpsychologisch fundierte Psychotherapie bei Erwachsenen <\/span><br \/><br \/><span style=\"font-family: Spectral; font-size: 16px;\"><strong>Ausbildung<\/strong><\/span><br \/><span style=\"font-size: 16px;\"><span style=\"font-family: Spectral;\">Grundstudium der Psychologie an der Albert-Ludwigs-Universit\u00e4t Freiburg<br \/><\/span><\/span><\/p>\r\n<p style=\"text-align: left;\"><span style=\"font-size: 16px;\"><span style=\"font-family: Spectral;\">Hauptstudium an der Technischen Universit\u00e4t Berlin (Diplomabschluss)<\/span><\/span><\/p>\r\n<p style=\"text-align: left;\"><span style=\"font-size: 16px;\"><span style=\"font-family: Spectral;\">Therapieausbildung in <br \/>Gespr\u00e4chspsychotherapie,<br \/>Hypnotherapie (MEG), <br \/>Katathym Imaginative Psychotherapie (KIP), <br \/>Psychodynamisch Imaginative Traumatherapie (PITT), <br \/>Katathym Imaginative Psychotraumatherapie (KIPT)<\/span><\/span><\/p>\r\n<p style=\"text-align: left;\"><span style=\"font-size: 16px;\"><strong>Berufst\u00e4tigkeit<br \/><\/strong>1989 &#8211; 1992 onkologische und kardiologische Rehaklinik <br \/>seit 1995 in eigener psychotherapeutischer Praxis\u00a0<\/span><\/p>\r\n<p style=\"text-align: left;\"><span style=\"font-family: Spectral; font-size: 16px;\"><strong>Privates<\/strong><\/span><br \/><span style=\"font-family: Spectral; font-size: 16px;\">Jg 1960, verheiratet, 2 Kinder<br \/><br \/><strong>Kontakt<\/strong><br \/>\u25ba Schreiben Sie mir<a href=\"mailto:ppraxis-guth@t-online.de\"><strong> hier<\/strong> <\/a>eine E-Mail<br \/><br \/>Telefonnummer: 0571 &#8211; 87417<br \/>Blumenstra\u00dfe 19, 32427 Minden\u00a0<br \/><br \/><\/span><\/p>\r\n<p><span style=\"font-family: 'book antiqua', palatino;\"><\/span><\/p>\r\n<p><span style=\"font-family: 'book antiqua', palatino;\"><\/span><\/p>","protected":false},"excerpt":{"rendered":"<p>Herzlich Willkommen auf meiner Website.\u00a0Ich arbeite als Psychologische Psychotherapeutin in Minden (Westfalen).\u00a0Ich freue mich, wenn Sie mich kontaktieren!\u00a0 Tatjana Guth Diplom-PsychologinPsychologische Psychotherapeutin Kassenzulassung f\u00fcr tiefenpsychologisch fundierte Psychotherapie bei Erwachsenen AusbildungGrundstudium der Psychologie an der Albert-Ludwigs-Universit\u00e4t Freiburg Hauptstudium an der Technischen Universit\u00e4t Berlin (Diplomabschluss) Therapieausbildung in Gespr\u00e4chspsychotherapie,Hypnotherapie (MEG), Katathym Imaginative Psychotherapie (KIP), Psychodynamisch Imaginative Traumatherapie (PITT), &hellip; <\/p>\n<p class=\"link-more\"><a href=\"http:\/\/psychotherapie-guth-minden.de\/\" class=\"more-link\"><span class=\"screen-reader-text\">\u201ePsychologische Psychotherapeutin in Minden\u201c<\/span> weiterlesen<\/a><\/p>\n","protected":false},"author":1,"featured_media":0,"parent":0,"menu_order":0,"comment_status":"closed","ping_status":"open","template":"","meta":{"footnotes":""},"class_list":["post-5","page","type-page","status-publish","hentry"],"yoast_head":"<!-- This site is optimized with the Yoast SEO plugin v26.8 - https:\/\/yoast.com\/product\/yoast-seo-wordpress\/ -->\n<title>Psychologische Psychotherapeutin in Minden - Tatjana Guth<\/title>\n<meta name=\"description\" content=\"tiefenpsychologische Psychotherapeutin Tatjana Guth (Minden)\" \/>\n<meta name=\"robots\" content=\"index, follow, max-snippet:-1, max-image-preview:large, max-video-preview:-1\" \/>\n<link rel=\"canonical\" href=\"http:\/\/psychotherapie-guth-minden.de\/\" \/>\n<meta property=\"og:locale\" content=\"de_DE\" \/>\n<meta property=\"og:type\" content=\"article\" \/>\n<meta property=\"og:title\" content=\"Psychologische Psychotherapeutin in Minden - Tatjana Guth\" \/>\n<meta property=\"og:description\" content=\"tiefenpsychologische Psychotherapeutin Tatjana Guth (Minden)\" \/>\n<meta property=\"og:url\" content=\"http:\/\/psychotherapie-guth-minden.de\/\" \/>\n<meta property=\"og:site_name\" content=\"Tatjana Guth\" \/>\n<meta property=\"article:modified_time\" content=\"2025-02-24T19:47:33+00:00\" \/>\n<meta property=\"og:image\" content=\"http:\/\/psychotherapie-guth-minden.de\/wp-content\/uploads\/2025\/01\/guth_praxis-scaled.jpg\" \/>\n\t<meta property=\"og:image:width\" content=\"1777\" \/>\n\t<meta property=\"og:image:height\" content=\"2560\" \/>\n\t<meta property=\"og:image:type\" content=\"image\/jpeg\" \/>\n<meta name=\"twitter:card\" content=\"summary_large_image\" \/>\n<meta name=\"twitter:label1\" content=\"Gesch\u00e4tzte Lesezeit\" \/>\n\t<meta name=\"twitter:data1\" content=\"1\u00a0Minute\" \/>\n<script type=\"application\/ld+json\" class=\"yoast-schema-graph\">{\"@context\":\"https:\/\/schema.org\",\"@graph\":[{\"@type\":\"WebPage\",\"@id\":\"http:\/\/psychotherapie-guth-minden.de\/\",\"url\":\"http:\/\/psychotherapie-guth-minden.de\/\",\"name\":\"Psychologische Psychotherapeutin in Minden - Tatjana Guth\",\"isPartOf\":{\"@id\":\"http:\/\/psychotherapie-guth-minden.de\/#website\"},\"primaryImageOfPage\":{\"@id\":\"http:\/\/psychotherapie-guth-minden.de\/#primaryimage\"},\"image\":{\"@id\":\"http:\/\/psychotherapie-guth-minden.de\/#primaryimage\"},\"thumbnailUrl\":\"http:\/\/psychotherapie-guth-minden.de\/wp-content\/uploads\/2025\/01\/guth_praxis-208x300.jpg\",\"datePublished\":\"2025-01-05T18:18:24+00:00\",\"dateModified\":\"2025-02-24T19:47:33+00:00\",\"description\":\"tiefenpsychologische Psychotherapeutin Tatjana Guth (Minden)\",\"breadcrumb\":{\"@id\":\"http:\/\/psychotherapie-guth-minden.de\/#breadcrumb\"},\"inLanguage\":\"de\",\"potentialAction\":[{\"@type\":\"ReadAction\",\"target\":[\"http:\/\/psychotherapie-guth-minden.de\/\"]}]},{\"@type\":\"ImageObject\",\"inLanguage\":\"de\",\"@id\":\"http:\/\/psychotherapie-guth-minden.de\/#primaryimage\",\"url\":\"http:\/\/psychotherapie-guth-minden.de\/wp-content\/uploads\/2025\/01\/guth_praxis-scaled.jpg\",\"contentUrl\":\"http:\/\/psychotherapie-guth-minden.de\/wp-content\/uploads\/2025\/01\/guth_praxis-scaled.jpg\",\"width\":1777,\"height\":2560},{\"@type\":\"BreadcrumbList\",\"@id\":\"http:\/\/psychotherapie-guth-minden.de\/#breadcrumb\",\"itemListElement\":[{\"@type\":\"ListItem\",\"position\":1,\"name\":\"Startseite\",\"item\":\"http:\/\/psychotherapie-guth-minden.de\/\"},{\"@type\":\"ListItem\",\"position\":2,\"name\":\"Psychologische Psychotherapeutin in Minden\"}]},{\"@type\":\"WebSite\",\"@id\":\"http:\/\/psychotherapie-guth-minden.de\/#website\",\"url\":\"http:\/\/psychotherapie-guth-minden.de\/\",\"name\":\"Tatjana Guth. Psychotherapeutin. Minden\",\"description\":\"Praxis f\u00fcr Psychotherapie. Minden \",\"potentialAction\":[{\"@type\":\"SearchAction\",\"target\":{\"@type\":\"EntryPoint\",\"urlTemplate\":\"http:\/\/psychotherapie-guth-minden.de\/?s={search_term_string}\"},\"query-input\":{\"@type\":\"PropertyValueSpecification\",\"valueRequired\":true,\"valueName\":\"search_term_string\"}}],\"inLanguage\":\"de\"}]}<\/script>\n<!-- \/ Yoast SEO plugin. -->","yoast_head_json":{"title":"Psychologische Psychotherapeutin in Minden - Tatjana Guth","description":"tiefenpsychologische Psychotherapeutin Tatjana Guth (Minden)","robots":{"index":"index","follow":"follow","max-snippet":"max-snippet:-1","max-image-preview":"max-image-preview:large","max-video-preview":"max-video-preview:-1"},"canonical":"http:\/\/psychotherapie-guth-minden.de\/","og_locale":"de_DE","og_type":"article","og_title":"Psychologische Psychotherapeutin in Minden - Tatjana Guth","og_description":"tiefenpsychologische Psychotherapeutin Tatjana Guth (Minden)","og_url":"http:\/\/psychotherapie-guth-minden.de\/","og_site_name":"Tatjana Guth","article_modified_time":"2025-02-24T19:47:33+00:00","og_image":[{"width":1777,"height":2560,"url":"http:\/\/psychotherapie-guth-minden.de\/wp-content\/uploads\/2025\/01\/guth_praxis-scaled.jpg","type":"image\/jpeg"}],"twitter_card":"summary_large_image","twitter_misc":{"Gesch\u00e4tzte Lesezeit":"1\u00a0Minute"},"schema":{"@context":"https:\/\/schema.org","@graph":[{"@type":"WebPage","@id":"http:\/\/psychotherapie-guth-minden.de\/","url":"http:\/\/psychotherapie-guth-minden.de\/","name":"Psychologische Psychotherapeutin in Minden - Tatjana Guth","isPartOf":{"@id":"http:\/\/psychotherapie-guth-minden.de\/#website"},"primaryImageOfPage":{"@id":"http:\/\/psychotherapie-guth-minden.de\/#primaryimage"},"image":{"@id":"http:\/\/psychotherapie-guth-minden.de\/#primaryimage"},"thumbnailUrl":"http:\/\/psychotherapie-guth-minden.de\/wp-content\/uploads\/2025\/01\/guth_praxis-208x300.jpg","datePublished":"2025-01-05T18:18:24+00:00","dateModified":"2025-02-24T19:47:33+00:00","description":"tiefenpsychologische Psychotherapeutin Tatjana Guth (Minden)","breadcrumb":{"@id":"http:\/\/psychotherapie-guth-minden.de\/#breadcrumb"},"inLanguage":"de","potentialAction":[{"@type":"ReadAction","target":["http:\/\/psychotherapie-guth-minden.de\/"]}]},{"@type":"ImageObject","inLanguage":"de","@id":"http:\/\/psychotherapie-guth-minden.de\/#primaryimage","url":"http:\/\/psychotherapie-guth-minden.de\/wp-content\/uploads\/2025\/01\/guth_praxis-scaled.jpg","contentUrl":"http:\/\/psychotherapie-guth-minden.de\/wp-content\/uploads\/2025\/01\/guth_praxis-scaled.jpg","width":1777,"height":2560},{"@type":"BreadcrumbList","@id":"http:\/\/psychotherapie-guth-minden.de\/#breadcrumb","itemListElement":[{"@type":"ListItem","position":1,"name":"Startseite","item":"http:\/\/psychotherapie-guth-minden.de\/"},{"@type":"ListItem","position":2,"name":"Psychologische Psychotherapeutin in Minden"}]},{"@type":"WebSite","@id":"http:\/\/psychotherapie-guth-minden.de\/#website","url":"http:\/\/psychotherapie-guth-minden.de\/","name":"Tatjana Guth. Psychotherapeutin. Minden","description":"Praxis f\u00fcr Psychotherapie. Minden ","potentialAction":[{"@type":"SearchAction","target":{"@type":"EntryPoint","urlTemplate":"http:\/\/psychotherapie-guth-minden.de\/?s={search_term_string}"},"query-input":{"@type":"PropertyValueSpecification","valueRequired":true,"valueName":"search_term_string"}}],"inLanguage":"de"}]}},"_links":{"self":[{"href":"http:\/\/psychotherapie-guth-minden.de\/index.php?rest_route=\/wp\/v2\/pages\/5","targetHints":{"allow":["GET"]}}],"collection":[{"href":"http:\/\/psychotherapie-guth-minden.de\/index.php?rest_route=\/wp\/v2\/pages"}],"about":[{"href":"http:\/\/psychotherapie-guth-minden.de\/index.php?rest_route=\/wp\/v2\/types\/page"}],"author":[{"embeddable":true,"href":"http:\/\/psychotherapie-guth-minden.de\/index.php?rest_route=\/wp\/v2\/users\/1"}],"replies":[{"embeddable":true,"href":"http:\/\/psychotherapie-guth-minden.de\/index.php?rest_route=%2Fwp%2Fv2%2Fcomments&post=5"}],"version-history":[{"count":45,"href":"http:\/\/psychotherapie-guth-minden.de\/index.php?rest_route=\/wp\/v2\/pages\/5\/revisions"}],"predecessor-version":[{"id":142,"href":"http:\/\/psychotherapie-guth-minden.de\/index.php?rest_route=\/wp\/v2\/pages\/5\/revisions\/142"}],"wp:attachment":[{"href":"http:\/\/psychotherapie-guth-minden.de\/index.php?rest_route=%2Fwp%2Fv2%2Fmedia&parent=5"}],"curies":[{"name":"wp","href":"https:\/\/api.w.org\/{rel}","templated":true}]}}