{"id":7,"date":"2025-01-05T18:21:31","date_gmt":"2025-01-05T18:21:31","guid":{"rendered":"http:\/\/psychotherapie-guth-minden.de\/?page_id=7"},"modified":"2025-01-06T11:17:36","modified_gmt":"2025-01-06T11:17:36","slug":"lebenslauf","status":"publish","type":"page","link":"http:\/\/psychotherapie-guth-minden.de\/?page_id=7","title":{"rendered":"\u00dcber mich"},"content":{"rendered":"<p><span style=\"font-family: 'book antiqua', palatino;\"><\/span><\/p>\r\n<p><span style=\"font-family: Spectral;\"><strong><img loading=\"lazy\" decoding=\"async\" class=\"wp-image-68 size-medium alignright\" src=\"http:\/\/psychotherapie-guth-minden.de\/wp-content\/uploads\/2025\/01\/guth_praxis-208x300.jpg\" alt=\"\" width=\"208\" height=\"300\" srcset=\"http:\/\/psychotherapie-guth-minden.de\/wp-content\/uploads\/2025\/01\/guth_praxis-208x300.jpg 208w, http:\/\/psychotherapie-guth-minden.de\/wp-content\/uploads\/2025\/01\/guth_praxis-711x1024.jpg 711w, http:\/\/psychotherapie-guth-minden.de\/wp-content\/uploads\/2025\/01\/guth_praxis-768x1106.jpg 768w, http:\/\/psychotherapie-guth-minden.de\/wp-content\/uploads\/2025\/01\/guth_praxis-1066x1536.jpg 1066w, http:\/\/psychotherapie-guth-minden.de\/wp-content\/uploads\/2025\/01\/guth_praxis-1422x2048.jpg 1422w, http:\/\/psychotherapie-guth-minden.de\/wp-content\/uploads\/2025\/01\/guth_praxis-scaled.jpg 1777w\" sizes=\"auto, (max-width: 208px) 100vw, 208px\" \/><\/strong><\/span><\/p>\r\n<p><strong>Tatjana Guth <\/strong><br \/>Diplom-Psychologin<br \/>Psychologische Psychotherapeutin<br \/><br \/>Kassenzulassung f\u00fcr tiefenpsychologisch fundierte Psychotherapie bei Erwachsenen <br \/><br \/><strong>Ausbildung<\/strong><br \/>Grundstudium der Psychologie an der Albert-Ludwigs-Universit\u00e4t Freiburg<\/p>\r\n<p>Hauptstudium an der Technischen Universit\u00e4t Berlin (Diplomabschluss)<\/p>\r\n<p>Therapieausbildung in <br \/>Gespr\u00e4chspsychotherapie, <br \/>Hypnotherapie (MEG), <br \/>Katathym Imaginative Psychotherapie (KIP), <br \/><span style=\"font-size: 16px;\"><span style=\"font-family: Spectral;\">Psychodynamisch Imaginative Traumatherapie (PITT), <br \/>Katathym Imaginative Psychotraumatherapie (KIPT)<\/span><\/span><\/p>\r\n<p><strong>Berufst\u00e4tigkeit<br \/><\/strong>1989 \u2013 1992 onkologische und kardiologische Rehaklinik <br \/>seit 1995 in eigener psychotherapeutischer Praxis\u00a0<\/p>\r\n<p><strong>Privates<\/strong><br \/>Jg 1960, verheiratet, 2 Kinder<\/p>\r\n<p><span style=\"font-family: Spectral;\"><strong>\u00a0<\/strong><\/span><\/p>\r\n<p><span style=\"font-family: 'book antiqua', palatino;\"><\/span><\/p>","protected":false},"excerpt":{"rendered":"<p>Tatjana Guth Diplom-PsychologinPsychologische Psychotherapeutin Kassenzulassung f\u00fcr tiefenpsychologisch fundierte Psychotherapie bei Erwachsenen AusbildungGrundstudium der Psychologie an der Albert-Ludwigs-Universit\u00e4t Freiburg Hauptstudium an der Technischen Universit\u00e4t Berlin (Diplomabschluss) Therapieausbildung in Gespr\u00e4chspsychotherapie, Hypnotherapie (MEG), Katathym Imaginative Psychotherapie (KIP), Psychodynamisch Imaginative Traumatherapie (PITT), Katathym Imaginative Psychotraumatherapie (KIPT) Berufst\u00e4tigkeit1989 \u2013 1992 onkologische und kardiologische Rehaklinik seit 1995 in eigener psychotherapeutischer Praxis\u00a0 &hellip; <\/p>\n<p class=\"link-more\"><a href=\"http:\/\/psychotherapie-guth-minden.de\/?page_id=7\" class=\"more-link\"><span class=\"screen-reader-text\">\u201e\u00dcber mich\u201c<\/span> weiterlesen<\/a><\/p>\n","protected":false},"author":1,"featured_media":0,"parent":0,"menu_order":0,"comment_status":"closed","ping_status":"closed","template":"","meta":{"footnotes":""},"class_list":["post-7","page","type-page","status-publish","hentry"],"yoast_head":"<!-- This site is optimized with the Yoast SEO plugin v26.8 - https:\/\/yoast.com\/product\/yoast-seo-wordpress\/ -->\n<title>\u00dcber mich - Tatjana Guth<\/title>\n<meta name=\"robots\" content=\"index, follow, max-snippet:-1, max-image-preview:large, max-video-preview:-1\" \/>\n<link rel=\"canonical\" href=\"http:\/\/psychotherapie-guth-minden.de\/?page_id=7\" \/>\n<meta property=\"og:locale\" content=\"de_DE\" \/>\n<meta property=\"og:type\" content=\"article\" \/>\n<meta property=\"og:title\" content=\"\u00dcber mich - Tatjana Guth\" \/>\n<meta property=\"og:description\" content=\"Tatjana Guth Diplom-PsychologinPsychologische Psychotherapeutin Kassenzulassung f\u00fcr tiefenpsychologisch fundierte Psychotherapie bei Erwachsenen AusbildungGrundstudium der Psychologie an der Albert-Ludwigs-Universit\u00e4t Freiburg Hauptstudium an der Technischen Universit\u00e4t Berlin (Diplomabschluss) Therapieausbildung in Gespr\u00e4chspsychotherapie, Hypnotherapie (MEG), Katathym Imaginative Psychotherapie (KIP), Psychodynamisch Imaginative Traumatherapie (PITT), Katathym Imaginative Psychotraumatherapie (KIPT) Berufst\u00e4tigkeit1989 \u2013 1992 onkologische und kardiologische Rehaklinik seit 1995 in eigener psychotherapeutischer Praxis\u00a0 &hellip; \u201e\u00dcber mich\u201c weiterlesen\" \/>\n<meta property=\"og:url\" content=\"http:\/\/psychotherapie-guth-minden.de\/?page_id=7\" \/>\n<meta property=\"og:site_name\" content=\"Tatjana Guth\" \/>\n<meta property=\"article:modified_time\" content=\"2025-01-06T11:17:36+00:00\" \/>\n<meta property=\"og:image\" content=\"http:\/\/psychotherapie-guth-minden.de\/wp-content\/uploads\/2025\/01\/guth_praxis-208x300.jpg\" \/>\n<meta name=\"twitter:card\" content=\"summary_large_image\" \/>\n<script type=\"application\/ld+json\" class=\"yoast-schema-graph\">{\"@context\":\"https:\/\/schema.org\",\"@graph\":[{\"@type\":\"WebPage\",\"@id\":\"http:\/\/psychotherapie-guth-minden.de\/?page_id=7\",\"url\":\"http:\/\/psychotherapie-guth-minden.de\/?page_id=7\",\"name\":\"\u00dcber mich - Tatjana Guth\",\"isPartOf\":{\"@id\":\"http:\/\/psychotherapie-guth-minden.de\/#website\"},\"primaryImageOfPage\":{\"@id\":\"http:\/\/psychotherapie-guth-minden.de\/?page_id=7#primaryimage\"},\"image\":{\"@id\":\"http:\/\/psychotherapie-guth-minden.de\/?page_id=7#primaryimage\"},\"thumbnailUrl\":\"http:\/\/psychotherapie-guth-minden.de\/wp-content\/uploads\/2025\/01\/guth_praxis-208x300.jpg\",\"datePublished\":\"2025-01-05T18:21:31+00:00\",\"dateModified\":\"2025-01-06T11:17:36+00:00\",\"breadcrumb\":{\"@id\":\"http:\/\/psychotherapie-guth-minden.de\/?page_id=7#breadcrumb\"},\"inLanguage\":\"de\",\"potentialAction\":[{\"@type\":\"ReadAction\",\"target\":[\"http:\/\/psychotherapie-guth-minden.de\/?page_id=7\"]}]},{\"@type\":\"ImageObject\",\"inLanguage\":\"de\",\"@id\":\"http:\/\/psychotherapie-guth-minden.de\/?page_id=7#primaryimage\",\"url\":\"http:\/\/psychotherapie-guth-minden.de\/wp-content\/uploads\/2025\/01\/guth_praxis-scaled.jpg\",\"contentUrl\":\"http:\/\/psychotherapie-guth-minden.de\/wp-content\/uploads\/2025\/01\/guth_praxis-scaled.jpg\",\"width\":1777,\"height\":2560},{\"@type\":\"BreadcrumbList\",\"@id\":\"http:\/\/psychotherapie-guth-minden.de\/?page_id=7#breadcrumb\",\"itemListElement\":[{\"@type\":\"ListItem\",\"position\":1,\"name\":\"Startseite\",\"item\":\"http:\/\/psychotherapie-guth-minden.de\/\"},{\"@type\":\"ListItem\",\"position\":2,\"name\":\"\u00dcber mich\"}]},{\"@type\":\"WebSite\",\"@id\":\"http:\/\/psychotherapie-guth-minden.de\/#website\",\"url\":\"http:\/\/psychotherapie-guth-minden.de\/\",\"name\":\"Tatjana Guth. Psychotherapeutin. Minden\",\"description\":\"Praxis f\u00fcr Psychotherapie. Minden \",\"potentialAction\":[{\"@type\":\"SearchAction\",\"target\":{\"@type\":\"EntryPoint\",\"urlTemplate\":\"http:\/\/psychotherapie-guth-minden.de\/?s={search_term_string}\"},\"query-input\":{\"@type\":\"PropertyValueSpecification\",\"valueRequired\":true,\"valueName\":\"search_term_string\"}}],\"inLanguage\":\"de\"}]}<\/script>\n<!-- \/ Yoast SEO plugin. -->","yoast_head_json":{"title":"\u00dcber mich - Tatjana Guth","robots":{"index":"index","follow":"follow","max-snippet":"max-snippet:-1","max-image-preview":"max-image-preview:large","max-video-preview":"max-video-preview:-1"},"canonical":"http:\/\/psychotherapie-guth-minden.de\/?page_id=7","og_locale":"de_DE","og_type":"article","og_title":"\u00dcber mich - Tatjana Guth","og_description":"Tatjana Guth Diplom-PsychologinPsychologische Psychotherapeutin Kassenzulassung f\u00fcr tiefenpsychologisch fundierte Psychotherapie bei Erwachsenen AusbildungGrundstudium der Psychologie an der Albert-Ludwigs-Universit\u00e4t Freiburg Hauptstudium an der Technischen Universit\u00e4t Berlin (Diplomabschluss) Therapieausbildung in Gespr\u00e4chspsychotherapie, Hypnotherapie (MEG), Katathym Imaginative Psychotherapie (KIP), Psychodynamisch Imaginative Traumatherapie (PITT), Katathym Imaginative Psychotraumatherapie (KIPT) Berufst\u00e4tigkeit1989 \u2013 1992 onkologische und kardiologische Rehaklinik seit 1995 in eigener psychotherapeutischer Praxis\u00a0 &hellip; \u201e\u00dcber mich\u201c weiterlesen","og_url":"http:\/\/psychotherapie-guth-minden.de\/?page_id=7","og_site_name":"Tatjana Guth","article_modified_time":"2025-01-06T11:17:36+00:00","og_image":[{"url":"http:\/\/psychotherapie-guth-minden.de\/wp-content\/uploads\/2025\/01\/guth_praxis-208x300.jpg","type":"","width":"","height":""}],"twitter_card":"summary_large_image","schema":{"@context":"https:\/\/schema.org","@graph":[{"@type":"WebPage","@id":"http:\/\/psychotherapie-guth-minden.de\/?page_id=7","url":"http:\/\/psychotherapie-guth-minden.de\/?page_id=7","name":"\u00dcber mich - Tatjana Guth","isPartOf":{"@id":"http:\/\/psychotherapie-guth-minden.de\/#website"},"primaryImageOfPage":{"@id":"http:\/\/psychotherapie-guth-minden.de\/?page_id=7#primaryimage"},"image":{"@id":"http:\/\/psychotherapie-guth-minden.de\/?page_id=7#primaryimage"},"thumbnailUrl":"http:\/\/psychotherapie-guth-minden.de\/wp-content\/uploads\/2025\/01\/guth_praxis-208x300.jpg","datePublished":"2025-01-05T18:21:31+00:00","dateModified":"2025-01-06T11:17:36+00:00","breadcrumb":{"@id":"http:\/\/psychotherapie-guth-minden.de\/?page_id=7#breadcrumb"},"inLanguage":"de","potentialAction":[{"@type":"ReadAction","target":["http:\/\/psychotherapie-guth-minden.de\/?page_id=7"]}]},{"@type":"ImageObject","inLanguage":"de","@id":"http:\/\/psychotherapie-guth-minden.de\/?page_id=7#primaryimage","url":"http:\/\/psychotherapie-guth-minden.de\/wp-content\/uploads\/2025\/01\/guth_praxis-scaled.jpg","contentUrl":"http:\/\/psychotherapie-guth-minden.de\/wp-content\/uploads\/2025\/01\/guth_praxis-scaled.jpg","width":1777,"height":2560},{"@type":"BreadcrumbList","@id":"http:\/\/psychotherapie-guth-minden.de\/?page_id=7#breadcrumb","itemListElement":[{"@type":"ListItem","position":1,"name":"Startseite","item":"http:\/\/psychotherapie-guth-minden.de\/"},{"@type":"ListItem","position":2,"name":"\u00dcber mich"}]},{"@type":"WebSite","@id":"http:\/\/psychotherapie-guth-minden.de\/#website","url":"http:\/\/psychotherapie-guth-minden.de\/","name":"Tatjana Guth. Psychotherapeutin. Minden","description":"Praxis f\u00fcr Psychotherapie. Minden ","potentialAction":[{"@type":"SearchAction","target":{"@type":"EntryPoint","urlTemplate":"http:\/\/psychotherapie-guth-minden.de\/?s={search_term_string}"},"query-input":{"@type":"PropertyValueSpecification","valueRequired":true,"valueName":"search_term_string"}}],"inLanguage":"de"}]}},"_links":{"self":[{"href":"http:\/\/psychotherapie-guth-minden.de\/index.php?rest_route=\/wp\/v2\/pages\/7","targetHints":{"allow":["GET"]}}],"collection":[{"href":"http:\/\/psychotherapie-guth-minden.de\/index.php?rest_route=\/wp\/v2\/pages"}],"about":[{"href":"http:\/\/psychotherapie-guth-minden.de\/index.php?rest_route=\/wp\/v2\/types\/page"}],"author":[{"embeddable":true,"href":"http:\/\/psychotherapie-guth-minden.de\/index.php?rest_route=\/wp\/v2\/users\/1"}],"replies":[{"embeddable":true,"href":"http:\/\/psychotherapie-guth-minden.de\/index.php?rest_route=%2Fwp%2Fv2%2Fcomments&post=7"}],"version-history":[{"count":13,"href":"http:\/\/psychotherapie-guth-minden.de\/index.php?rest_route=\/wp\/v2\/pages\/7\/revisions"}],"predecessor-version":[{"id":141,"href":"http:\/\/psychotherapie-guth-minden.de\/index.php?rest_route=\/wp\/v2\/pages\/7\/revisions\/141"}],"wp:attachment":[{"href":"http:\/\/psychotherapie-guth-minden.de\/index.php?rest_route=%2Fwp%2Fv2%2Fmedia&parent=7"}],"curies":[{"name":"wp","href":"https:\/\/api.w.org\/{rel}","templated":true}]}}